{"id":7076,"date":"2021-12-01T15:09:13","date_gmt":"2021-12-01T13:09:13","guid":{"rendered":"https:\/\/cscekom.hr\/?page_id=7076"},"modified":"2022-01-04T14:40:32","modified_gmt":"2022-01-04T12:40:32","slug":"partneri","status":"publish","type":"page","link":"https:\/\/cscekom.hr\/en\/partneri\/","title":{"rendered":"Partners"},"content":{"rendered":"<p>[vc_row full_width=&#8221;stretch_row&#8221; css=&#8221;.vc_custom_1627393172322{margin-top: -75px !important;margin-bottom: 80px !important;padding-top: 81px !important;padding-bottom: 78px !important;background-color: #f2f2f2 !important;}&#8221;][vc_column][vc_column_text]With the assistance of CEKOM for cybernetic security, project partners will merge their research and development capacities and collaborate in industrial research and experimental development to develop a prototype of a security system as a set of methodologies, tools and services applicable in the field of active management of the cybernetic security of control systems.<\/p>\n<p>Our partners come both from industry (CS Computer Systems d.o.o., Kon\u010dar KET d.d. and HOPS d.o.o.) and the academic community (Faculty of Electrical Engineering and Computing, University of Zagreb, and CERT) to ensure a comprehensive approach to research and development, and to cover the issue of control system security from all points of view.<\/p>\n<p>All project partners have a wealth of experience in the field of control systems and cybernetic security and the related research capacities, and therefore this joint approach will generate a synergistic effect that results in new, innovative solutions on the global market.[\/vc_column_text][\/vc_column][\/vc_row][vc_row][vc_column][vc_row_inner css=&#8221;.vc_custom_1627393084563{margin-bottom: 30px !important;}&#8221;][vc_column_inner][stm_partner style=&#8221;style_2&#8243; title=&#8221;CS Computer Systems&#8221; logo=&#8221;6709&#8243; description=&#8221;CS Computer Systems provides integrated IT services covering all market segments of information, system and communication technologies.&#8221; link=&#8221;url:https%3A%2F%2Fwww.cs.hr%2F|title:CS%20Computer%20Systems|target:_blank&#8221; position=&#8221;Pre\u010dko 1A, 10110 Zagreb&#8221; css=&#8221;.vc_custom_1638367397308{margin-bottom: 50px !important;}&#8221;][stm_partner style=&#8221;style_2&#8243; title=&#8221;Kon\u010dar KET&#8221; logo=&#8221;6712&#8243; description=&#8221;Kon\u010dar &#8211; In\u017eenjering za energetiku i transport d.d.&#8221; link=&#8221;url:https%3A%2F%2Fwww.koncar-ket.hr%2F|title:Kon%C4%8Dar%20KET|target:_blank&#8221; position=&#8221;Fallerovo \u0161etali\u0161te 22, 10000 Zagreb&#8221; css=&#8221;.vc_custom_1627310899940{margin-bottom: 50px !important;}&#8221;][stm_partner style=&#8221;style_2&#8243; title=&#8221;HOPS&#8221; logo=&#8221;6711&#8243; description=&#8221;Hrvatski operator prijenosnog sustava d.o.o.&#8221; link=&#8221;url:https%3A%2F%2Fwww.hops.hr%2F|title:HOPS|target:_blank&#8221; position=&#8221;Kupska 4, 10000 Zagreb&#8221; css=&#8221;.vc_custom_1627310921517{margin-bottom: 50px !important;}&#8221;][stm_partner style=&#8221;style_2&#8243; title=&#8221;FER&#8221; logo=&#8221;6710&#8243; description=&#8221;Faculty of Electrical Engineering and Computing, University of Zagreb.&#8221; link=&#8221;url:https%3A%2F%2Fwww.fer.unizg.hr%2F|title:FER|target:_blank&#8221; position=&#8221;Unska 3, 10000 Zagreb&#8221; css=&#8221;.vc_custom_1638367465451{margin-bottom: 50px !important;}&#8221;][stm_partner style=&#8221;style_2&#8243; title=&#8221;CERT&#8221; logo=&#8221;6708&#8243; description=&#8221;CARNET, National CERT Department&#8221; link=&#8221;url:https%3A%2F%2Fwww.cert.hr%2F|title:CERT|target:_blank&#8221; position=&#8221;Josipa Marohni\u0107a 5, 10000 Zagreb&#8221; css=&#8221;.vc_custom_1638367479579{margin-bottom: 50px !important;}&#8221;][\/vc_column_inner][\/vc_row_inner][\/vc_column][\/vc_row]<\/p>\n","protected":false},"excerpt":{"rendered":"<p>[vc_row full_width=&#8221;stretch_row&#8221; css=&#8221;.vc_custom_1627393172322{margin-top: -75px !important;margin-bottom: 80px !important;padding-top: 81px !important;padding-bottom: 78px !important;background-color: #f2f2f2 !important;}&#8221;][vc_column][vc_column_text]With the assistance of CEKOM for cybernetic security, project partners will merge their research and development capacities and collaborate in industrial research and experimental development to develop a prototype of a security system as a set of methodologies, tools and services applicable in<\/p>\n","protected":false},"author":1,"featured_media":0,"parent":0,"menu_order":0,"comment_status":"closed","ping_status":"closed","template":"","meta":{"footnotes":""},"class_list":["post-7076","page","type-page","status-publish","hentry"],"yoast_head":"<!-- This site is optimized with the Yoast SEO plugin v25.0 - https:\/\/yoast.com\/wordpress\/plugins\/seo\/ -->\n<title>Partners - CS CEKOM<\/title>\n<meta name=\"description\" content=\"Our partners come both from industry (CS Computer Systems, Kon\u010dar KET and HOPS) and the academic community (FER and CERT).\" \/>\n<meta name=\"robots\" content=\"noindex, follow, max-snippet:-1, max-image-preview:large, max-video-preview:-1\" \/>\n<meta property=\"og:locale\" content=\"en_US\" \/>\n<meta property=\"og:type\" content=\"article\" \/>\n<meta property=\"og:title\" content=\"Partners - CS CEKOM\" \/>\n<meta property=\"og:description\" content=\"Our partners come both from industry (CS Computer Systems, Kon\u010dar KET and HOPS) and the academic community (FER and CERT).\" \/>\n<meta property=\"og:url\" content=\"https:\/\/cscekom.hr\/en\/partneri\/\" \/>\n<meta property=\"og:site_name\" content=\"CS CEKOM\" \/>\n<meta property=\"article:modified_time\" content=\"2022-01-04T12:40:32+00:00\" \/>\n<meta name=\"twitter:card\" content=\"summary_large_image\" \/>\n<meta name=\"twitter:label1\" content=\"Est. reading time\" \/>\n\t<meta name=\"twitter:data1\" content=\"2 minutes\" \/>\n<script type=\"application\/ld+json\" class=\"yoast-schema-graph\">{\"@context\":\"https:\/\/schema.org\",\"@graph\":[{\"@type\":\"WebPage\",\"@id\":\"https:\/\/cscekom.hr\/en\/partneri\/\",\"url\":\"https:\/\/cscekom.hr\/en\/partneri\/\",\"name\":\"Partners - CS CEKOM\",\"isPartOf\":{\"@id\":\"https:\/\/cscekom.hr\/en\/#website\"},\"datePublished\":\"2021-12-01T13:09:13+00:00\",\"dateModified\":\"2022-01-04T12:40:32+00:00\",\"description\":\"Our partners come both from industry (CS Computer Systems, Kon\u010dar KET and HOPS) and the academic community (FER and CERT).\",\"breadcrumb\":{\"@id\":\"https:\/\/cscekom.hr\/en\/partneri\/#breadcrumb\"},\"inLanguage\":\"en-US\",\"potentialAction\":[{\"@type\":\"ReadAction\",\"target\":[\"https:\/\/cscekom.hr\/en\/partneri\/\"]}]},{\"@type\":\"BreadcrumbList\",\"@id\":\"https:\/\/cscekom.hr\/en\/partneri\/#breadcrumb\",\"itemListElement\":[{\"@type\":\"ListItem\",\"position\":1,\"name\":\"Po\u010detna stranica\",\"item\":\"https:\/\/cscekom.hr\/en\/\"},{\"@type\":\"ListItem\",\"position\":2,\"name\":\"Partners\"}]},{\"@type\":\"WebSite\",\"@id\":\"https:\/\/cscekom.hr\/en\/#website\",\"url\":\"https:\/\/cscekom.hr\/en\/\",\"name\":\"CS CEKOM\",\"description\":\"Competency centre for cybernetic security of management systems.\",\"publisher\":{\"@id\":\"https:\/\/cscekom.hr\/en\/#organization\"},\"potentialAction\":[{\"@type\":\"SearchAction\",\"target\":{\"@type\":\"EntryPoint\",\"urlTemplate\":\"https:\/\/cscekom.hr\/en\/?s={search_term_string}\"},\"query-input\":{\"@type\":\"PropertyValueSpecification\",\"valueRequired\":true,\"valueName\":\"search_term_string\"}}],\"inLanguage\":\"en-US\"},{\"@type\":\"Organization\",\"@id\":\"https:\/\/cscekom.hr\/en\/#organization\",\"name\":\"CS Computer Systems d.o.o.\",\"url\":\"https:\/\/cscekom.hr\/en\/\",\"logo\":{\"@type\":\"ImageObject\",\"inLanguage\":\"en-US\",\"@id\":\"https:\/\/cscekom.hr\/en\/#\/schema\/logo\/image\/\",\"url\":\"https:\/\/cscekom.hr\/wp-content\/uploads\/2021\/07\/CS.png\",\"contentUrl\":\"https:\/\/cscekom.hr\/wp-content\/uploads\/2021\/07\/CS.png\",\"width\":300,\"height\":200,\"caption\":\"CS Computer Systems d.o.o.\"},\"image\":{\"@id\":\"https:\/\/cscekom.hr\/en\/#\/schema\/logo\/image\/\"}}]}<\/script>\n<!-- \/ Yoast SEO plugin. -->","yoast_head_json":{"title":"Partners - CS CEKOM","description":"Our partners come both from industry (CS Computer Systems, Kon\u010dar KET and HOPS) and the academic community (FER and CERT).","robots":{"index":"noindex","follow":"follow","max-snippet":"max-snippet:-1","max-image-preview":"max-image-preview:large","max-video-preview":"max-video-preview:-1"},"og_locale":"en_US","og_type":"article","og_title":"Partners - CS CEKOM","og_description":"Our partners come both from industry (CS Computer Systems, Kon\u010dar KET and HOPS) and the academic community (FER and CERT).","og_url":"https:\/\/cscekom.hr\/en\/partneri\/","og_site_name":"CS CEKOM","article_modified_time":"2022-01-04T12:40:32+00:00","twitter_card":"summary_large_image","twitter_misc":{"Est. reading time":"2 minutes"},"schema":{"@context":"https:\/\/schema.org","@graph":[{"@type":"WebPage","@id":"https:\/\/cscekom.hr\/en\/partneri\/","url":"https:\/\/cscekom.hr\/en\/partneri\/","name":"Partners - CS CEKOM","isPartOf":{"@id":"https:\/\/cscekom.hr\/en\/#website"},"datePublished":"2021-12-01T13:09:13+00:00","dateModified":"2022-01-04T12:40:32+00:00","description":"Our partners come both from industry (CS Computer Systems, Kon\u010dar KET and HOPS) and the academic community (FER and CERT).","breadcrumb":{"@id":"https:\/\/cscekom.hr\/en\/partneri\/#breadcrumb"},"inLanguage":"en-US","potentialAction":[{"@type":"ReadAction","target":["https:\/\/cscekom.hr\/en\/partneri\/"]}]},{"@type":"BreadcrumbList","@id":"https:\/\/cscekom.hr\/en\/partneri\/#breadcrumb","itemListElement":[{"@type":"ListItem","position":1,"name":"Po\u010detna stranica","item":"https:\/\/cscekom.hr\/en\/"},{"@type":"ListItem","position":2,"name":"Partners"}]},{"@type":"WebSite","@id":"https:\/\/cscekom.hr\/en\/#website","url":"https:\/\/cscekom.hr\/en\/","name":"CS CEKOM","description":"Competency centre for cybernetic security of management systems.","publisher":{"@id":"https:\/\/cscekom.hr\/en\/#organization"},"potentialAction":[{"@type":"SearchAction","target":{"@type":"EntryPoint","urlTemplate":"https:\/\/cscekom.hr\/en\/?s={search_term_string}"},"query-input":{"@type":"PropertyValueSpecification","valueRequired":true,"valueName":"search_term_string"}}],"inLanguage":"en-US"},{"@type":"Organization","@id":"https:\/\/cscekom.hr\/en\/#organization","name":"CS Computer Systems d.o.o.","url":"https:\/\/cscekom.hr\/en\/","logo":{"@type":"ImageObject","inLanguage":"en-US","@id":"https:\/\/cscekom.hr\/en\/#\/schema\/logo\/image\/","url":"https:\/\/cscekom.hr\/wp-content\/uploads\/2021\/07\/CS.png","contentUrl":"https:\/\/cscekom.hr\/wp-content\/uploads\/2021\/07\/CS.png","width":300,"height":200,"caption":"CS Computer Systems d.o.o."},"image":{"@id":"https:\/\/cscekom.hr\/en\/#\/schema\/logo\/image\/"}}]}},"_links":{"self":[{"href":"https:\/\/cscekom.hr\/en\/wp-json\/wp\/v2\/pages\/7076","targetHints":{"allow":["GET"]}}],"collection":[{"href":"https:\/\/cscekom.hr\/en\/wp-json\/wp\/v2\/pages"}],"about":[{"href":"https:\/\/cscekom.hr\/en\/wp-json\/wp\/v2\/types\/page"}],"author":[{"embeddable":true,"href":"https:\/\/cscekom.hr\/en\/wp-json\/wp\/v2\/users\/1"}],"replies":[{"embeddable":true,"href":"https:\/\/cscekom.hr\/en\/wp-json\/wp\/v2\/comments?post=7076"}],"version-history":[{"count":6,"href":"https:\/\/cscekom.hr\/en\/wp-json\/wp\/v2\/pages\/7076\/revisions"}],"predecessor-version":[{"id":7082,"href":"https:\/\/cscekom.hr\/en\/wp-json\/wp\/v2\/pages\/7076\/revisions\/7082"}],"wp:attachment":[{"href":"https:\/\/cscekom.hr\/en\/wp-json\/wp\/v2\/media?parent=7076"}],"curies":[{"name":"wp","href":"https:\/\/api.w.org\/{rel}","templated":true}]}}